{"id":160,"date":"2024-01-16T17:50:12","date_gmt":"2024-01-16T16:50:12","guid":{"rendered":"https:\/\/www.cycloclubenghien.be\/?page_id=160"},"modified":"2025-01-13T16:56:36","modified_gmt":"2025-01-13T15:56:36","slug":"infos","status":"publish","type":"page","link":"https:\/\/www.cycloclubenghien.be\/index.php\/infos\/","title":{"rendered":"\u00c0 propos"},"content":{"rendered":"\n<div class=\"wp-block-group alignwide has-global-padding is-content-justification-right is-layout-constrained wp-container-core-group-is-layout-6eab7a1c wp-block-group-is-layout-constrained has-background\" style=\"border-radius:5px;padding-top:var(--wp--preset--spacing--20);padding-right:var(--wp--preset--spacing--20);padding-bottom:var(--wp--preset--spacing--20);padding-left:var(--wp--preset--spacing--20);background-image:url(&apos;https:\/\/www.cycloclubenghien.be\/wordpress\/wp-content\/uploads\/2023\/12\/markus-spiske-WUehAgqO5hE-unsplash-scaled.jpg&apos;);background-size:cover;\">\n<div class=\"wp-block-group has-border-color has-accent-5-border-color has-base-background-color has-background has-global-padding is-layout-constrained wp-container-core-group-is-layout-86dba5ee wp-block-group-is-layout-constrained\" style=\"border-width:2px;border-radius:5px;padding-top:var(--wp--preset--spacing--10);padding-right:var(--wp--preset--spacing--10);padding-bottom:var(--wp--preset--spacing--10);padding-left:var(--wp--preset--spacing--10)\">\n<p class=\"has-medium-font-size\">Chers amis cyclistes,<br><br>Que vous soyez passionn\u00e9s de la route ou simples amateurs de belles balades, sachez que la meilleure fa\u00e7on d\u2019avancer en p\u00e9dalant, c&rsquo;est sans conteste de venir rouler en notre compagnie !<\/p>\n\n\n\n<p class=\"has-medium-font-size\">Notre club affili\u00e9 \u00e0 la F\u00e9d\u00e9ration Francophone Belge du Cyclotourisme (FFBC) se fera \u00e9videmment un r\u00e9el plaisir de vous compter parmi ses membres. Soyez donc curieux et venez vous aussi nous d\u00e9couvrir de l\u2019int\u00e9rieur\u2026<br><br>Le Cyclo Club Enghien vous invite \u00e0 venir le rejoindre pour le plus grand bonheur et le plus grand plaisir de tous les amoureux de la pratique du v\u00e9lo en groupe. Convivialit\u00e9 et simplicit\u00e9 sont de mises et notre porte vous est grande ouverte !<br><br>Pour vous inscrire vous pouvez compl\u00e9ter et nous faire parvenir le <a href=\"https:\/\/www.cycloclubenghien.be\/index.php\/inscription\/\" data-type=\"page\" data-id=\"51\">formulaire d\u2019inscription<\/a> disponible sur notre site en ligne.<\/p>\n\n\n\n<p class=\"has-medium-font-size\">Roberto Belfiore,<br>Pr\u00e9sident du Cyclo Club Enghien<\/p>\n<\/div>\n<\/div>\n\n\n\n<p><\/p>\n","protected":false},"excerpt":{"rendered":"<p>Chers amis cyclistes, Que vous soyez passionn\u00e9s de la route ou simples amateurs de belles balades, sachez que la meilleure fa\u00e7on d\u2019avancer en p\u00e9dalant, c&rsquo;est sans conteste de venir rouler en notre compagnie ! Notre club affili\u00e9 \u00e0 la F\u00e9d\u00e9ration Francophone Belge du Cyclotourisme (FFBC) se fera \u00e9videmment un r\u00e9el plaisir de vous compter parmi [&hellip;]<\/p>\n","protected":false},"author":1,"featured_media":0,"parent":0,"menu_order":0,"comment_status":"closed","ping_status":"closed","template":"","meta":{"footnotes":""},"class_list":["post-160","page","type-page","status-publish","hentry"],"yoast_head":"<!-- This site is optimized with the Yoast SEO plugin v24.7 - https:\/\/yoast.com\/wordpress\/plugins\/seo\/ -->\n<title>\u00c0 propos - Cyclo Club Enghien<\/title>\n<meta name=\"robots\" content=\"index, follow, max-snippet:-1, max-image-preview:large, max-video-preview:-1\" \/>\n<link rel=\"canonical\" href=\"https:\/\/www.cycloclubenghien.be\/index.php\/infos\/\" \/>\n<meta property=\"og:locale\" content=\"fr_FR\" \/>\n<meta property=\"og:type\" content=\"article\" \/>\n<meta property=\"og:title\" content=\"\u00c0 propos - Cyclo Club Enghien\" \/>\n<meta property=\"og:description\" content=\"Chers amis cyclistes, Que vous soyez passionn\u00e9s de la route ou simples amateurs de belles balades, sachez que la meilleure fa\u00e7on d\u2019avancer en p\u00e9dalant, c&rsquo;est sans conteste de venir rouler en notre compagnie ! Notre club affili\u00e9 \u00e0 la F\u00e9d\u00e9ration Francophone Belge du Cyclotourisme (FFBC) se fera \u00e9videmment un r\u00e9el plaisir de vous compter parmi [&hellip;]\" \/>\n<meta property=\"og:url\" content=\"https:\/\/www.cycloclubenghien.be\/index.php\/infos\/\" \/>\n<meta property=\"og:site_name\" content=\"Cyclo Club Enghien\" \/>\n<meta property=\"article:publisher\" content=\"https:\/\/www.facebook.com\/profile.php?id=61554692020664\" \/>\n<meta property=\"article:modified_time\" content=\"2025-01-13T15:56:36+00:00\" \/>\n<meta name=\"twitter:card\" content=\"summary_large_image\" \/>\n<meta name=\"twitter:label1\" content=\"Dur\u00e9e de lecture estim\u00e9e\" \/>\n\t<meta name=\"twitter:data1\" content=\"1 minute\" \/>\n<script type=\"application\/ld+json\" class=\"yoast-schema-graph\">{\"@context\":\"https:\/\/schema.org\",\"@graph\":[{\"@type\":\"WebPage\",\"@id\":\"https:\/\/www.cycloclubenghien.be\/index.php\/infos\/\",\"url\":\"https:\/\/www.cycloclubenghien.be\/index.php\/infos\/\",\"name\":\"\u00c0 propos - Cyclo Club Enghien\",\"isPartOf\":{\"@id\":\"https:\/\/www.cycloclubenghien.be\/#website\"},\"datePublished\":\"2024-01-16T16:50:12+00:00\",\"dateModified\":\"2025-01-13T15:56:36+00:00\",\"breadcrumb\":{\"@id\":\"https:\/\/www.cycloclubenghien.be\/index.php\/infos\/#breadcrumb\"},\"inLanguage\":\"fr-FR\",\"potentialAction\":[{\"@type\":\"ReadAction\",\"target\":[\"https:\/\/www.cycloclubenghien.be\/index.php\/infos\/\"]}]},{\"@type\":\"BreadcrumbList\",\"@id\":\"https:\/\/www.cycloclubenghien.be\/index.php\/infos\/#breadcrumb\",\"itemListElement\":[{\"@type\":\"ListItem\",\"position\":1,\"name\":\"Accueil\",\"item\":\"https:\/\/www.cycloclubenghien.be\/\"},{\"@type\":\"ListItem\",\"position\":2,\"name\":\"\u00c0 propos\"}]},{\"@type\":\"WebSite\",\"@id\":\"https:\/\/www.cycloclubenghien.be\/#website\",\"url\":\"https:\/\/www.cycloclubenghien.be\/\",\"name\":\"Cyclo Club Enghien\",\"description\":\"En selle pour l\u2019amiti\u00e9 et le plaisir de rouler !\",\"publisher\":{\"@id\":\"https:\/\/www.cycloclubenghien.be\/#organization\"},\"alternateName\":\"Club de cyclotourisme \u00e0 Enghien\",\"potentialAction\":[{\"@type\":\"SearchAction\",\"target\":{\"@type\":\"EntryPoint\",\"urlTemplate\":\"https:\/\/www.cycloclubenghien.be\/?s={search_term_string}\"},\"query-input\":{\"@type\":\"PropertyValueSpecification\",\"valueRequired\":true,\"valueName\":\"search_term_string\"}}],\"inLanguage\":\"fr-FR\"},{\"@type\":\"Organization\",\"@id\":\"https:\/\/www.cycloclubenghien.be\/#organization\",\"name\":\"Cyclo Club Enghien\",\"url\":\"https:\/\/www.cycloclubenghien.be\/\",\"logo\":{\"@type\":\"ImageObject\",\"inLanguage\":\"fr-FR\",\"@id\":\"https:\/\/www.cycloclubenghien.be\/#\/schema\/logo\/image\/\",\"url\":\"https:\/\/www.cycloclubenghien.be\/wordpress\/wp-content\/uploads\/2025\/03\/ChatGPT-Image-Mar-26-2025-09_19_58-PM.png\",\"contentUrl\":\"https:\/\/www.cycloclubenghien.be\/wordpress\/wp-content\/uploads\/2025\/03\/ChatGPT-Image-Mar-26-2025-09_19_58-PM.png\",\"width\":1024,\"height\":1024,\"caption\":\"Cyclo Club Enghien\"},\"image\":{\"@id\":\"https:\/\/www.cycloclubenghien.be\/#\/schema\/logo\/image\/\"},\"sameAs\":[\"https:\/\/www.facebook.com\/profile.php?id=61554692020664\"]}]}<\/script>\n<!-- \/ Yoast SEO plugin. -->","yoast_head_json":{"title":"\u00c0 propos - Cyclo Club Enghien","robots":{"index":"index","follow":"follow","max-snippet":"max-snippet:-1","max-image-preview":"max-image-preview:large","max-video-preview":"max-video-preview:-1"},"canonical":"https:\/\/www.cycloclubenghien.be\/index.php\/infos\/","og_locale":"fr_FR","og_type":"article","og_title":"\u00c0 propos - Cyclo Club Enghien","og_description":"Chers amis cyclistes, Que vous soyez passionn\u00e9s de la route ou simples amateurs de belles balades, sachez que la meilleure fa\u00e7on d\u2019avancer en p\u00e9dalant, c&rsquo;est sans conteste de venir rouler en notre compagnie ! Notre club affili\u00e9 \u00e0 la F\u00e9d\u00e9ration Francophone Belge du Cyclotourisme (FFBC) se fera \u00e9videmment un r\u00e9el plaisir de vous compter parmi [&hellip;]","og_url":"https:\/\/www.cycloclubenghien.be\/index.php\/infos\/","og_site_name":"Cyclo Club Enghien","article_publisher":"https:\/\/www.facebook.com\/profile.php?id=61554692020664","article_modified_time":"2025-01-13T15:56:36+00:00","twitter_card":"summary_large_image","twitter_misc":{"Dur\u00e9e de lecture estim\u00e9e":"1 minute"},"schema":{"@context":"https:\/\/schema.org","@graph":[{"@type":"WebPage","@id":"https:\/\/www.cycloclubenghien.be\/index.php\/infos\/","url":"https:\/\/www.cycloclubenghien.be\/index.php\/infos\/","name":"\u00c0 propos - Cyclo Club Enghien","isPartOf":{"@id":"https:\/\/www.cycloclubenghien.be\/#website"},"datePublished":"2024-01-16T16:50:12+00:00","dateModified":"2025-01-13T15:56:36+00:00","breadcrumb":{"@id":"https:\/\/www.cycloclubenghien.be\/index.php\/infos\/#breadcrumb"},"inLanguage":"fr-FR","potentialAction":[{"@type":"ReadAction","target":["https:\/\/www.cycloclubenghien.be\/index.php\/infos\/"]}]},{"@type":"BreadcrumbList","@id":"https:\/\/www.cycloclubenghien.be\/index.php\/infos\/#breadcrumb","itemListElement":[{"@type":"ListItem","position":1,"name":"Accueil","item":"https:\/\/www.cycloclubenghien.be\/"},{"@type":"ListItem","position":2,"name":"\u00c0 propos"}]},{"@type":"WebSite","@id":"https:\/\/www.cycloclubenghien.be\/#website","url":"https:\/\/www.cycloclubenghien.be\/","name":"Cyclo Club Enghien","description":"En selle pour l\u2019amiti\u00e9 et le plaisir de rouler !","publisher":{"@id":"https:\/\/www.cycloclubenghien.be\/#organization"},"alternateName":"Club de cyclotourisme \u00e0 Enghien","potentialAction":[{"@type":"SearchAction","target":{"@type":"EntryPoint","urlTemplate":"https:\/\/www.cycloclubenghien.be\/?s={search_term_string}"},"query-input":{"@type":"PropertyValueSpecification","valueRequired":true,"valueName":"search_term_string"}}],"inLanguage":"fr-FR"},{"@type":"Organization","@id":"https:\/\/www.cycloclubenghien.be\/#organization","name":"Cyclo Club Enghien","url":"https:\/\/www.cycloclubenghien.be\/","logo":{"@type":"ImageObject","inLanguage":"fr-FR","@id":"https:\/\/www.cycloclubenghien.be\/#\/schema\/logo\/image\/","url":"https:\/\/www.cycloclubenghien.be\/wordpress\/wp-content\/uploads\/2025\/03\/ChatGPT-Image-Mar-26-2025-09_19_58-PM.png","contentUrl":"https:\/\/www.cycloclubenghien.be\/wordpress\/wp-content\/uploads\/2025\/03\/ChatGPT-Image-Mar-26-2025-09_19_58-PM.png","width":1024,"height":1024,"caption":"Cyclo Club Enghien"},"image":{"@id":"https:\/\/www.cycloclubenghien.be\/#\/schema\/logo\/image\/"},"sameAs":["https:\/\/www.facebook.com\/profile.php?id=61554692020664"]}]}},"_links":{"self":[{"href":"https:\/\/www.cycloclubenghien.be\/index.php\/wp-json\/wp\/v2\/pages\/160","targetHints":{"allow":["GET"]}}],"collection":[{"href":"https:\/\/www.cycloclubenghien.be\/index.php\/wp-json\/wp\/v2\/pages"}],"about":[{"href":"https:\/\/www.cycloclubenghien.be\/index.php\/wp-json\/wp\/v2\/types\/page"}],"author":[{"embeddable":true,"href":"https:\/\/www.cycloclubenghien.be\/index.php\/wp-json\/wp\/v2\/users\/1"}],"replies":[{"embeddable":true,"href":"https:\/\/www.cycloclubenghien.be\/index.php\/wp-json\/wp\/v2\/comments?post=160"}],"version-history":[{"count":16,"href":"https:\/\/www.cycloclubenghien.be\/index.php\/wp-json\/wp\/v2\/pages\/160\/revisions"}],"predecessor-version":[{"id":255,"href":"https:\/\/www.cycloclubenghien.be\/index.php\/wp-json\/wp\/v2\/pages\/160\/revisions\/255"}],"wp:attachment":[{"href":"https:\/\/www.cycloclubenghien.be\/index.php\/wp-json\/wp\/v2\/media?parent=160"}],"curies":[{"name":"wp","href":"https:\/\/api.w.org\/{rel}","templated":true}]}}