{"id":41,"date":"2024-01-02T15:53:40","date_gmt":"2024-01-02T14:53:40","guid":{"rendered":"https:\/\/www.cycloclubenghien.be\/?page_id=41"},"modified":"2025-03-26T21:30:59","modified_gmt":"2025-03-26T20:30:59","slug":"41-2","status":"publish","type":"page","link":"https:\/\/www.cycloclubenghien.be\/","title":{"rendered":"Accueil"},"content":{"rendered":"\n<div class=\"wp-block-group alignfull has-global-padding is-layout-constrained wp-container-core-group-is-layout-0a00f16f wp-block-group-is-layout-constrained\" style=\"margin-top:0;margin-bottom:0;padding-top:var(--wp--preset--spacing--50);padding-right:var(--wp--preset--spacing--50);padding-bottom:var(--wp--preset--spacing--50);padding-left:var(--wp--preset--spacing--50)\">\n<div class=\"wp-block-group has-global-padding is-layout-constrained wp-container-core-group-is-layout-650790e1 wp-block-group-is-layout-constrained\">\n<h1 class=\"wp-block-heading has-text-align-center has-x-large-font-size\"><mark style=\"background-color:rgba(0, 0, 0, 0)\" class=\"has-inline-color has-contrast-color\">En selle pour l\u2019amiti\u00e9 et<br>le plaisir de rouler !<\/mark><\/h1>\n\n\n\n<div style=\"height:1.25rem\" aria-hidden=\"true\" class=\"wp-block-spacer\"><\/div>\n\n\n\n<p><mark style=\"background-color:rgba(0, 0, 0, 0)\" class=\"has-inline-color has-contrast-color\">\u00ab\u00a0Le Cyclo Club Enghien : o\u00f9 passion du v\u00e9lo rime avec convivialit\u00e9. Rejoignez-nous pour des balades enrichissantes et des moments complices. Ensemble, partageons la route et tissons des liens, kilom\u00e8tre apr\u00e8s kilom\u00e8tre. \ud83d\udeb4\ud83c\udffb\u200d\u2640\ufe0f\ud83d\udeb4\ud83c\udffb\u200d\u2642\ufe0f\u00a0\u00bb\u00a0#CycloClubEnghien<\/mark><\/p>\n\n\n\n<div style=\"height:1.25rem\" aria-hidden=\"true\" class=\"wp-block-spacer\"><\/div>\n<\/div>\n\n\n\n<div style=\"height:var(--wp--preset--spacing--30)\" aria-hidden=\"true\" class=\"wp-block-spacer\"><\/div>\n<\/div>\n","protected":false},"excerpt":{"rendered":"<p>En selle pour l\u2019amiti\u00e9 etle plaisir de rouler ! \u00ab\u00a0Le Cyclo Club Enghien : o\u00f9 passion du v\u00e9lo rime avec convivialit\u00e9. Rejoignez-nous pour des balades enrichissantes et des moments complices. Ensemble, partageons la route et tissons des liens, kilom\u00e8tre apr\u00e8s kilom\u00e8tre. \ud83d\udeb4\ud83c\udffb\u200d\u2640\ufe0f\ud83d\udeb4\ud83c\udffb\u200d\u2642\ufe0f\u00a0\u00bb\u00a0#CycloClubEnghien<\/p>\n","protected":false},"author":1,"featured_media":0,"parent":0,"menu_order":0,"comment_status":"closed","ping_status":"closed","template":"page-no-title","meta":{"footnotes":""},"class_list":["post-41","page","type-page","status-publish","hentry"],"yoast_head":"<!-- This site is optimized with the Yoast SEO plugin v24.7 - https:\/\/yoast.com\/wordpress\/plugins\/seo\/ -->\n<title>Accueil - Cyclo Club Enghien<\/title>\n<meta name=\"robots\" content=\"index, follow, max-snippet:-1, max-image-preview:large, max-video-preview:-1\" \/>\n<link rel=\"canonical\" href=\"https:\/\/www.cycloclubenghien.be\/\" \/>\n<meta property=\"og:locale\" content=\"fr_FR\" \/>\n<meta property=\"og:type\" content=\"article\" \/>\n<meta property=\"og:title\" content=\"Accueil - Cyclo Club Enghien\" \/>\n<meta property=\"og:description\" content=\"En selle pour l\u2019amiti\u00e9 etle plaisir de rouler ! \u00ab\u00a0Le Cyclo Club Enghien : o\u00f9 passion du v\u00e9lo rime avec convivialit\u00e9. Rejoignez-nous pour des balades enrichissantes et des moments complices. Ensemble, partageons la route et tissons des liens, kilom\u00e8tre apr\u00e8s kilom\u00e8tre. \ud83d\udeb4\ud83c\udffb\u200d\u2640\ufe0f\ud83d\udeb4\ud83c\udffb\u200d\u2642\ufe0f\u00a0\u00bb\u00a0#CycloClubEnghien\" \/>\n<meta property=\"og:url\" content=\"https:\/\/www.cycloclubenghien.be\/\" \/>\n<meta property=\"og:site_name\" content=\"Cyclo Club Enghien\" \/>\n<meta property=\"article:publisher\" content=\"https:\/\/www.facebook.com\/profile.php?id=61554692020664\" \/>\n<meta property=\"article:modified_time\" content=\"2025-03-26T20:30:59+00:00\" \/>\n<meta name=\"twitter:card\" content=\"summary_large_image\" \/>\n<meta name=\"twitter:label1\" content=\"Dur\u00e9e de lecture estim\u00e9e\" \/>\n\t<meta name=\"twitter:data1\" content=\"1 minute\" \/>\n<script type=\"application\/ld+json\" class=\"yoast-schema-graph\">{\"@context\":\"https:\/\/schema.org\",\"@graph\":[{\"@type\":\"WebPage\",\"@id\":\"https:\/\/www.cycloclubenghien.be\/\",\"url\":\"https:\/\/www.cycloclubenghien.be\/\",\"name\":\"Accueil - Cyclo Club Enghien\",\"isPartOf\":{\"@id\":\"https:\/\/www.cycloclubenghien.be\/#website\"},\"datePublished\":\"2024-01-02T14:53:40+00:00\",\"dateModified\":\"2025-03-26T20:30:59+00:00\",\"breadcrumb\":{\"@id\":\"https:\/\/www.cycloclubenghien.be\/#breadcrumb\"},\"inLanguage\":\"fr-FR\",\"potentialAction\":[{\"@type\":\"ReadAction\",\"target\":[\"https:\/\/www.cycloclubenghien.be\/\"]}]},{\"@type\":\"BreadcrumbList\",\"@id\":\"https:\/\/www.cycloclubenghien.be\/#breadcrumb\",\"itemListElement\":[{\"@type\":\"ListItem\",\"position\":1,\"name\":\"Accueil\",\"item\":\"https:\/\/www.cycloclubenghien.be\/\"},{\"@type\":\"ListItem\",\"position\":2,\"name\":\"Accueil\"}]},{\"@type\":\"WebSite\",\"@id\":\"https:\/\/www.cycloclubenghien.be\/#website\",\"url\":\"https:\/\/www.cycloclubenghien.be\/\",\"name\":\"Cyclo Club Enghien\",\"description\":\"En selle pour l\u2019amiti\u00e9 et le plaisir de rouler !\",\"publisher\":{\"@id\":\"https:\/\/www.cycloclubenghien.be\/#organization\"},\"alternateName\":\"Club de cyclotourisme \u00e0 Enghien\",\"potentialAction\":[{\"@type\":\"SearchAction\",\"target\":{\"@type\":\"EntryPoint\",\"urlTemplate\":\"https:\/\/www.cycloclubenghien.be\/?s={search_term_string}\"},\"query-input\":{\"@type\":\"PropertyValueSpecification\",\"valueRequired\":true,\"valueName\":\"search_term_string\"}}],\"inLanguage\":\"fr-FR\"},{\"@type\":\"Organization\",\"@id\":\"https:\/\/www.cycloclubenghien.be\/#organization\",\"name\":\"Cyclo Club Enghien\",\"url\":\"https:\/\/www.cycloclubenghien.be\/\",\"logo\":{\"@type\":\"ImageObject\",\"inLanguage\":\"fr-FR\",\"@id\":\"https:\/\/www.cycloclubenghien.be\/#\/schema\/logo\/image\/\",\"url\":\"https:\/\/www.cycloclubenghien.be\/wordpress\/wp-content\/uploads\/2025\/03\/ChatGPT-Image-Mar-26-2025-09_19_58-PM.png\",\"contentUrl\":\"https:\/\/www.cycloclubenghien.be\/wordpress\/wp-content\/uploads\/2025\/03\/ChatGPT-Image-Mar-26-2025-09_19_58-PM.png\",\"width\":1024,\"height\":1024,\"caption\":\"Cyclo Club Enghien\"},\"image\":{\"@id\":\"https:\/\/www.cycloclubenghien.be\/#\/schema\/logo\/image\/\"},\"sameAs\":[\"https:\/\/www.facebook.com\/profile.php?id=61554692020664\"]}]}<\/script>\n<!-- \/ Yoast SEO plugin. -->","yoast_head_json":{"title":"Accueil - Cyclo Club Enghien","robots":{"index":"index","follow":"follow","max-snippet":"max-snippet:-1","max-image-preview":"max-image-preview:large","max-video-preview":"max-video-preview:-1"},"canonical":"https:\/\/www.cycloclubenghien.be\/","og_locale":"fr_FR","og_type":"article","og_title":"Accueil - Cyclo Club Enghien","og_description":"En selle pour l\u2019amiti\u00e9 etle plaisir de rouler ! \u00ab\u00a0Le Cyclo Club Enghien : o\u00f9 passion du v\u00e9lo rime avec convivialit\u00e9. Rejoignez-nous pour des balades enrichissantes et des moments complices. Ensemble, partageons la route et tissons des liens, kilom\u00e8tre apr\u00e8s kilom\u00e8tre. \ud83d\udeb4\ud83c\udffb\u200d\u2640\ufe0f\ud83d\udeb4\ud83c\udffb\u200d\u2642\ufe0f\u00a0\u00bb\u00a0#CycloClubEnghien","og_url":"https:\/\/www.cycloclubenghien.be\/","og_site_name":"Cyclo Club Enghien","article_publisher":"https:\/\/www.facebook.com\/profile.php?id=61554692020664","article_modified_time":"2025-03-26T20:30:59+00:00","twitter_card":"summary_large_image","twitter_misc":{"Dur\u00e9e de lecture estim\u00e9e":"1 minute"},"schema":{"@context":"https:\/\/schema.org","@graph":[{"@type":"WebPage","@id":"https:\/\/www.cycloclubenghien.be\/","url":"https:\/\/www.cycloclubenghien.be\/","name":"Accueil - Cyclo Club Enghien","isPartOf":{"@id":"https:\/\/www.cycloclubenghien.be\/#website"},"datePublished":"2024-01-02T14:53:40+00:00","dateModified":"2025-03-26T20:30:59+00:00","breadcrumb":{"@id":"https:\/\/www.cycloclubenghien.be\/#breadcrumb"},"inLanguage":"fr-FR","potentialAction":[{"@type":"ReadAction","target":["https:\/\/www.cycloclubenghien.be\/"]}]},{"@type":"BreadcrumbList","@id":"https:\/\/www.cycloclubenghien.be\/#breadcrumb","itemListElement":[{"@type":"ListItem","position":1,"name":"Accueil","item":"https:\/\/www.cycloclubenghien.be\/"},{"@type":"ListItem","position":2,"name":"Accueil"}]},{"@type":"WebSite","@id":"https:\/\/www.cycloclubenghien.be\/#website","url":"https:\/\/www.cycloclubenghien.be\/","name":"Cyclo Club Enghien","description":"En selle pour l\u2019amiti\u00e9 et le plaisir de rouler !","publisher":{"@id":"https:\/\/www.cycloclubenghien.be\/#organization"},"alternateName":"Club de cyclotourisme \u00e0 Enghien","potentialAction":[{"@type":"SearchAction","target":{"@type":"EntryPoint","urlTemplate":"https:\/\/www.cycloclubenghien.be\/?s={search_term_string}"},"query-input":{"@type":"PropertyValueSpecification","valueRequired":true,"valueName":"search_term_string"}}],"inLanguage":"fr-FR"},{"@type":"Organization","@id":"https:\/\/www.cycloclubenghien.be\/#organization","name":"Cyclo Club Enghien","url":"https:\/\/www.cycloclubenghien.be\/","logo":{"@type":"ImageObject","inLanguage":"fr-FR","@id":"https:\/\/www.cycloclubenghien.be\/#\/schema\/logo\/image\/","url":"https:\/\/www.cycloclubenghien.be\/wordpress\/wp-content\/uploads\/2025\/03\/ChatGPT-Image-Mar-26-2025-09_19_58-PM.png","contentUrl":"https:\/\/www.cycloclubenghien.be\/wordpress\/wp-content\/uploads\/2025\/03\/ChatGPT-Image-Mar-26-2025-09_19_58-PM.png","width":1024,"height":1024,"caption":"Cyclo Club Enghien"},"image":{"@id":"https:\/\/www.cycloclubenghien.be\/#\/schema\/logo\/image\/"},"sameAs":["https:\/\/www.facebook.com\/profile.php?id=61554692020664"]}]}},"_links":{"self":[{"href":"https:\/\/www.cycloclubenghien.be\/index.php\/wp-json\/wp\/v2\/pages\/41","targetHints":{"allow":["GET"]}}],"collection":[{"href":"https:\/\/www.cycloclubenghien.be\/index.php\/wp-json\/wp\/v2\/pages"}],"about":[{"href":"https:\/\/www.cycloclubenghien.be\/index.php\/wp-json\/wp\/v2\/types\/page"}],"author":[{"embeddable":true,"href":"https:\/\/www.cycloclubenghien.be\/index.php\/wp-json\/wp\/v2\/users\/1"}],"replies":[{"embeddable":true,"href":"https:\/\/www.cycloclubenghien.be\/index.php\/wp-json\/wp\/v2\/comments?post=41"}],"version-history":[{"count":7,"href":"https:\/\/www.cycloclubenghien.be\/index.php\/wp-json\/wp\/v2\/pages\/41\/revisions"}],"predecessor-version":[{"id":156,"href":"https:\/\/www.cycloclubenghien.be\/index.php\/wp-json\/wp\/v2\/pages\/41\/revisions\/156"}],"wp:attachment":[{"href":"https:\/\/www.cycloclubenghien.be\/index.php\/wp-json\/wp\/v2\/media?parent=41"}],"curies":[{"name":"wp","href":"https:\/\/api.w.org\/{rel}","templated":true}]}}