{"id":51,"date":"2024-01-16T12:00:10","date_gmt":"2024-01-16T11:00:10","guid":{"rendered":"https:\/\/www.cycloclubenghien.be\/?page_id=51"},"modified":"2024-12-16T20:32:22","modified_gmt":"2024-12-16T19:32:22","slug":"inscription","status":"publish","type":"page","link":"https:\/\/www.cycloclubenghien.be\/index.php\/inscription\/","title":{"rendered":"Inscription"},"content":{"rendered":"\n<div class=\"wp-block-columns is-layout-flex wp-container-core-columns-is-layout-28f84493 wp-block-columns-is-layout-flex\">\n<div class=\"wp-block-column is-layout-flow wp-block-column-is-layout-flow\">\n<p class=\"has-medium-font-size\">Veuillez entrer vos coordonn\u00e9es dans le formulaire d&rsquo;inscription ci-dessous. Apr\u00e8s l&rsquo;envoi du formulaire et la r\u00e9ception de votre paiement, vous serez inscrit au Cyclo Club Enghien.<\/p>\n\n\n\n<p class=\"has-medium-font-size\" style=\"margin-top:var(--wp--preset--spacing--10);margin-bottom:var(--wp--preset--spacing--10)\">La cotisation annuelle (du 1er janvier au 31 d\u00e9cembre) comprend pour l\u2019ensemble des habitants \u00e0 la m\u00eame adresse :<\/p>\n\n\n\n<ul class=\"wp-block-list is-style-checkmark-list\">\n<li>l\u2019assurance RC et individuelle dommages corporels (par affili\u00e9)<\/li>\n\n\n\n<li>les revues de la FFBC<\/li>\n\n\n\n<li>le calendrier<\/li>\n\n\n\n<li>l\u2019acc\u00e8s \u00e0 l\u2019espace membre<\/li>\n<\/ul>\n\n\n\n<p><strong>La plupart des mutuelles remboursent la cotisation \u00e0 une f\u00e9d\u00e9ration sportive. Remplissez sur votre <a href=\"https:\/\/gda.velo-liberte.be\/login\" data-type=\"link\" data-id=\"https:\/\/gda.velo-liberte.be\/login\" target=\"_blank\" rel=\"noreferrer noopener\">espace-membre<\/a> du site de la FFBC votre formulaire de remboursement \u00e0 destination de votre mutuelle !<\/strong><\/p>\n\n\n\n<div style=\"height:18px\" aria-hidden=\"true\" class=\"wp-block-spacer\"><\/div>\n\n\n\n<h2 class=\"wp-block-heading has-large-font-size\" style=\"font-style:normal;font-weight:500\">Tarifs<\/h2>\n\n\n\n<figure class=\"wp-block-table\"><table><tbody><tr><td>Affiliation individuelle jeune (-16 ans au 1er janvier de l&rsquo;ann\u00e9e)<\/td><td>35 euro<\/td><\/tr><tr><td>Affiliation individuelle adulte<\/td><td>50 euro<\/td><\/tr><tr><td>Affiliation familiale (montant unique peu importe le nombre)<\/td><td>60 euro<\/td><\/tr><tr><td>Si vous \u00eates d\u00e9ja inscrit \u00e0 la FFBC<\/td><td>10 euro<\/td><\/tr><\/tbody><\/table><\/figure>\n\n\n\n<p><\/p>\n\n\n\n<p>Paiement \u00e0 effectuer par virement sur le compte du Cyclo Club Enghien: <br><strong>BE15 9502 6121 1130<\/strong><\/p>\n\n\n\n<div style=\"height:48px\" aria-hidden=\"true\" class=\"wp-block-spacer\"><\/div>\n\n\n\n<h2 class=\"wp-block-heading has-large-font-size\" style=\"margin-top:0;margin-bottom:0;font-style:normal;font-weight:500\">Formulaire d&rsquo;inscription<\/h2>\n\n\n<style id=\"wpforms-css-vars-45-block-35932cc0-c6bf-4add-8017-f3698d407827\">\n\t\t\t\t#wpforms-45.wpforms-block-35932cc0-c6bf-4add-8017-f3698d407827 {\n\t\t\t\t--wpforms-field-border-radius: 10px;\n--wpforms-field-size-input-height: 31px;\n--wpforms-field-size-input-spacing: 10px;\n--wpforms-field-size-font-size: 14px;\n--wpforms-field-size-line-height: 17px;\n--wpforms-field-size-padding-h: 9px;\n--wpforms-field-size-checkbox-size: 14px;\n--wpforms-field-size-sublabel-spacing: 5px;\n--wpforms-field-size-icon-size: 0.75;\n--wpforms-label-size-font-size: 14px;\n--wpforms-label-size-line-height: 17px;\n--wpforms-label-size-sublabel-font-size: 13px;\n--wpforms-label-size-sublabel-line-height: 16px;\n--wpforms-button-size-font-size: 14px;\n--wpforms-button-size-height: 37px;\n--wpforms-button-size-padding-h: 15px;\n--wpforms-button-size-margin-top: 5px;\n\n\t\t\t}\n\t\t\t<\/style><div class=\"wpforms-container wpforms-container-full formwpforms-form  padding 20px border-radius 3px border-width 2px border-color b95d52 border-style double  wpforms-block wpforms-block-35932cc0-c6bf-4add-8017-f3698d407827 wpforms-render-modern\" id=\"wpforms-45\"><form id=\"wpforms-form-45\" class=\"wpforms-validate wpforms-form wpforms-ajax-form\" data-formid=\"45\" method=\"post\" enctype=\"multipart\/form-data\" action=\"\/index.php\/wp-json\/wp\/v2\/pages\/51\" data-token=\"5af86d5e1a1ac96434ff3ebfe7948659\" data-token-time=\"1778051926\"><noscript class=\"wpforms-error-noscript\">Veuillez activer JavaScript dans votre navigateur pour remplir ce formulaire.<\/noscript><div class=\"wpforms-hidden\" id=\"wpforms-error-noscript\">Veuillez activer JavaScript dans votre navigateur pour remplir ce formulaire.<\/div><div class=\"wpforms-field-container\"><div id=\"wpforms-45-field_24-container\" class=\"wpforms-field wpforms-field-radio wpforms-list-inline\" data-field-id=\"24\"><fieldset><legend class=\"wpforms-field-label\">Type d&#039;inscription <span class=\"wpforms-required-label\" aria-hidden=\"true\">*<\/span><\/legend><ul id=\"wpforms-45-field_24\" class=\"wpforms-field-required\"><li class=\"choice-1 depth-1\"><input type=\"radio\" id=\"wpforms-45-field_24_1\" name=\"wpforms[fields][24]\" value=\"Individuelle\" aria-errormessage=\"wpforms-45-field_24_1-error\" required ><label class=\"wpforms-field-label-inline\" for=\"wpforms-45-field_24_1\">Individuelle<\/label><\/li><li class=\"choice-2 depth-1\"><input type=\"radio\" id=\"wpforms-45-field_24_2\" name=\"wpforms[fields][24]\" value=\"Familiale\" aria-errormessage=\"wpforms-45-field_24_2-error\" required ><label class=\"wpforms-field-label-inline\" for=\"wpforms-45-field_24_2\">Familiale<\/label><\/li><li class=\"choice-3 depth-1\"><input type=\"radio\" id=\"wpforms-45-field_24_3\" name=\"wpforms[fields][24]\" value=\"Jeune (-16 ans)\" aria-errormessage=\"wpforms-45-field_24_3-error\" required ><label class=\"wpforms-field-label-inline\" for=\"wpforms-45-field_24_3\">Jeune (-16 ans)<\/label><\/li><li class=\"choice-4 depth-1\"><input type=\"radio\" id=\"wpforms-45-field_24_4\" name=\"wpforms[fields][24]\" value=\"D\u00e9ja inscrit \u00e0 la FFBC\" aria-errormessage=\"wpforms-45-field_24_4-error\" required ><label class=\"wpforms-field-label-inline\" for=\"wpforms-45-field_24_4\">D\u00e9ja inscrit \u00e0 la FFBC<\/label><\/li><\/ul><\/fieldset><\/div><div id=\"wpforms-45-field_1-container\" class=\"wpforms-field wpforms-field-text\" data-field-id=\"1\"><label class=\"wpforms-field-label\" for=\"wpforms-45-field_1\">(Si d\u00e9j\u00e0 affili\u00e9 \u00e0 la FFBC) N\u00b0 D\u2019AFFILIE(E)<\/label><input type=\"text\" id=\"wpforms-45-field_1\" class=\"wpforms-field-small\" name=\"wpforms[fields][1]\" aria-errormessage=\"wpforms-45-field_1-error\" ><\/div><div id=\"wpforms-45-field_2-container\" class=\"wpforms-field wpforms-field-radio wpforms-list-inline\" data-field-id=\"2\"><fieldset><legend class=\"wpforms-field-label\">Titre <span class=\"wpforms-required-label\" aria-hidden=\"true\">*<\/span><\/legend><ul id=\"wpforms-45-field_2\" class=\"wpforms-field-required\"><li class=\"choice-1 depth-1\"><input type=\"radio\" id=\"wpforms-45-field_2_1\" name=\"wpforms[fields][2]\" value=\"Mme\" aria-errormessage=\"wpforms-45-field_2_1-error\" required ><label class=\"wpforms-field-label-inline\" for=\"wpforms-45-field_2_1\">Mme<\/label><\/li><li class=\"choice-2 depth-1\"><input type=\"radio\" id=\"wpforms-45-field_2_2\" name=\"wpforms[fields][2]\" value=\"Mlle\" aria-errormessage=\"wpforms-45-field_2_2-error\" required ><label class=\"wpforms-field-label-inline\" for=\"wpforms-45-field_2_2\">Mlle<\/label><\/li><li class=\"choice-3 depth-1\"><input type=\"radio\" id=\"wpforms-45-field_2_3\" name=\"wpforms[fields][2]\" value=\"Mr\" aria-errormessage=\"wpforms-45-field_2_3-error\" required ><label class=\"wpforms-field-label-inline\" for=\"wpforms-45-field_2_3\">Mr<\/label><\/li><\/ul><\/fieldset><\/div><div id=\"wpforms-45-field_4-container\" class=\"wpforms-field wpforms-field-name wpforms-one-half wpforms-first\" data-field-id=\"4\"><label class=\"wpforms-field-label\" for=\"wpforms-45-field_4\">Pr\u00e9nom + Nom <span class=\"wpforms-required-label\" aria-hidden=\"true\">*<\/span><\/label><input type=\"text\" id=\"wpforms-45-field_4\" class=\"wpforms-field-large wpforms-field-required\" name=\"wpforms[fields][4]\" aria-errormessage=\"wpforms-45-field_4-error\" required><\/div><div id=\"wpforms-45-field_6-container\" class=\"wpforms-field wpforms-field-text wpforms-one-half\" data-field-id=\"6\"><label class=\"wpforms-field-label\" for=\"wpforms-45-field_6\">Date de naissance <span class=\"wpforms-required-label\" aria-hidden=\"true\">*<\/span><\/label><input type=\"text\" id=\"wpforms-45-field_6\" class=\"wpforms-field-large wpforms-field-required\" name=\"wpforms[fields][6]\" value=\"JJ\/MM\/AAAA\" aria-errormessage=\"wpforms-45-field_6-error\" required><\/div><div id=\"wpforms-45-field_7-container\" class=\"wpforms-field wpforms-field-text wpforms-two-fourths wpforms-first\" data-field-id=\"7\"><label class=\"wpforms-field-label\" for=\"wpforms-45-field_7\">Rue <span class=\"wpforms-required-label\" aria-hidden=\"true\">*<\/span><\/label><input type=\"text\" id=\"wpforms-45-field_7\" class=\"wpforms-field-large wpforms-field-required\" name=\"wpforms[fields][7]\" aria-errormessage=\"wpforms-45-field_7-error\" required><\/div><div id=\"wpforms-45-field_8-container\" class=\"wpforms-field wpforms-field-text wpforms-one-fourth\" data-field-id=\"8\"><label class=\"wpforms-field-label\" for=\"wpforms-45-field_8\">N\u00b0 <span class=\"wpforms-required-label\" aria-hidden=\"true\">*<\/span><\/label><input type=\"text\" id=\"wpforms-45-field_8\" class=\"wpforms-field-large wpforms-field-required\" name=\"wpforms[fields][8]\" aria-errormessage=\"wpforms-45-field_8-error\" required><\/div><div id=\"wpforms-45-field_11-container\" class=\"wpforms-field wpforms-field-text wpforms-one-fourth\" data-field-id=\"11\"><label class=\"wpforms-field-label\" for=\"wpforms-45-field_11\">Boite<\/label><input type=\"text\" id=\"wpforms-45-field_11\" class=\"wpforms-field-large\" name=\"wpforms[fields][11]\" aria-errormessage=\"wpforms-45-field_11-error\" ><\/div><div id=\"wpforms-45-field_9-container\" class=\"wpforms-field wpforms-field-text wpforms-one-third wpforms-firstwpforms-one-third wpforms-first\" data-field-id=\"9\"><label class=\"wpforms-field-label\" for=\"wpforms-45-field_9\">Code postal <span class=\"wpforms-required-label\" aria-hidden=\"true\">*<\/span><\/label><input type=\"text\" id=\"wpforms-45-field_9\" class=\"wpforms-field-large wpforms-field-required\" name=\"wpforms[fields][9]\" aria-errormessage=\"wpforms-45-field_9-error\" required><\/div><div id=\"wpforms-45-field_10-container\" class=\"wpforms-field wpforms-field-text wpforms-two-thirds\" data-field-id=\"10\"><label class=\"wpforms-field-label\" for=\"wpforms-45-field_10\">Commune <span class=\"wpforms-required-label\" aria-hidden=\"true\">*<\/span><\/label><input type=\"text\" id=\"wpforms-45-field_10\" class=\"wpforms-field-large wpforms-field-required\" name=\"wpforms[fields][10]\" aria-errormessage=\"wpforms-45-field_10-error\" required><\/div><div id=\"wpforms-45-field_13-container\" class=\"wpforms-field wpforms-field-text wpforms-one-half wpforms-first\" data-field-id=\"13\"><label class=\"wpforms-field-label\" for=\"wpforms-45-field_13\">Tel.<\/label><input type=\"text\" id=\"wpforms-45-field_13\" class=\"wpforms-field-large\" name=\"wpforms[fields][13]\" aria-errormessage=\"wpforms-45-field_13-error\" ><\/div><div id=\"wpforms-45-field_14-container\" class=\"wpforms-field wpforms-field-text wpforms-one-half\" data-field-id=\"14\"><label class=\"wpforms-field-label\" for=\"wpforms-45-field_14\">GSM<\/label><input type=\"text\" id=\"wpforms-45-field_14\" class=\"wpforms-field-large\" name=\"wpforms[fields][14]\" aria-errormessage=\"wpforms-45-field_14-error\" ><\/div><div id=\"wpforms-45-field_15-container\" class=\"wpforms-field wpforms-field-text wpforms-one-half wpforms-first\" data-field-id=\"15\"><label class=\"wpforms-field-label\" for=\"wpforms-45-field_15\">Tel. en cas d&#039;urgence<\/label><input type=\"text\" id=\"wpforms-45-field_15\" class=\"wpforms-field-large\" name=\"wpforms[fields][15]\" aria-errormessage=\"wpforms-45-field_15-error\" ><\/div><div id=\"wpforms-45-field_16-container\" class=\"wpforms-field wpforms-field-email\" data-field-id=\"16\"><label class=\"wpforms-field-label\" for=\"wpforms-45-field_16\">E-mail <span class=\"wpforms-required-label\" aria-hidden=\"true\">*<\/span><\/label><input type=\"email\" id=\"wpforms-45-field_16\" class=\"wpforms-field-medium wpforms-field-required\" name=\"wpforms[fields][16]\" spellcheck=\"false\" aria-errormessage=\"wpforms-45-field_16-error\" required><\/div><div id=\"wpforms-45-field_25-container\" class=\"wpforms-field wpforms-field-textarea\" data-field-id=\"25\"><label class=\"wpforms-field-label\" for=\"wpforms-45-field_25\">A completer lors d&#039;un inscription familiale (personnes vivant sous le m\u00eame toit)<\/label><textarea id=\"wpforms-45-field_25\" class=\"wpforms-field-medium\" name=\"wpforms[fields][25]\" aria-errormessage=\"wpforms-45-field_25-error\" >Indiquer les prenoms, noms, date de naissances et num\u00e9ro de t\u00e9l\u00e9phone des autres personnes \u00e0 inscrire<\/textarea><\/div><div id=\"wpforms-45-field_18-container\" class=\"wpforms-field wpforms-field-checkbox wpforms-list-inline\" data-field-id=\"18\"><fieldset><legend class=\"wpforms-field-label\">Disciplines pratiqu\u00e9es<\/legend><ul id=\"wpforms-45-field_18\"><li class=\"choice-1 depth-1\"><input type=\"checkbox\" id=\"wpforms-45-field_18_1\" name=\"wpforms[fields][18][]\" value=\"Route\" aria-errormessage=\"wpforms-45-field_18_1-error\"  ><label class=\"wpforms-field-label-inline\" for=\"wpforms-45-field_18_1\">Route<\/label><\/li><li class=\"choice-2 depth-1\"><input type=\"checkbox\" id=\"wpforms-45-field_18_2\" name=\"wpforms[fields][18][]\" value=\"VTT\" aria-errormessage=\"wpforms-45-field_18_2-error\"  ><label class=\"wpforms-field-label-inline\" for=\"wpforms-45-field_18_2\">VTT<\/label><\/li><li class=\"choice-3 depth-1\"><input type=\"checkbox\" id=\"wpforms-45-field_18_3\" name=\"wpforms[fields][18][]\" value=\"Gravel\" aria-errormessage=\"wpforms-45-field_18_3-error\"  ><label class=\"wpforms-field-label-inline\" for=\"wpforms-45-field_18_3\">Gravel<\/label><\/li><\/ul><\/fieldset><\/div><\/div><!-- .wpforms-field-container --><div class=\"wpforms-submit-container\" ><input type=\"hidden\" name=\"wpforms[id]\" value=\"45\"><input type=\"hidden\" name=\"page_title\" value=\"\"><input type=\"hidden\" name=\"page_url\" value=\"https:\/\/www.cycloclubenghien.be\/index.php\/wp-json\/wp\/v2\/pages\/51\"><input type=\"hidden\" name=\"url_referer\" value=\"\"><button type=\"submit\" name=\"wpforms[submit]\" id=\"wpforms-submit-45\" class=\"wpforms-submit\" data-alt-text=\"Envoi...\" data-submit-text=\"Envoyer\" aria-live=\"assertive\" value=\"wpforms-submit\">Envoyer<\/button><img loading=\"lazy\" decoding=\"async\" src=\"https:\/\/www.cycloclubenghien.be\/wordpress\/wp-content\/plugins\/wpforms-lite\/assets\/images\/submit-spin.svg\" class=\"wpforms-submit-spinner\" style=\"display: none;\" width=\"26\" height=\"26\" alt=\"Chargement en cours\"><\/div><\/form><\/div>  <!-- .wpforms-container --><\/div>\n<\/div>\n","protected":false},"excerpt":{"rendered":"<p>Veuillez entrer vos coordonn\u00e9es dans le formulaire d&rsquo;inscription ci-dessous. Apr\u00e8s l&rsquo;envoi du formulaire et la r\u00e9ception de votre paiement, vous serez inscrit au Cyclo Club Enghien. La cotisation annuelle (du 1er janvier au 31 d\u00e9cembre) comprend pour l\u2019ensemble des habitants \u00e0 la m\u00eame adresse : La plupart des mutuelles remboursent la cotisation \u00e0 une f\u00e9d\u00e9ration [&hellip;]<\/p>\n","protected":false},"author":1,"featured_media":0,"parent":0,"menu_order":0,"comment_status":"closed","ping_status":"closed","template":"","meta":{"footnotes":""},"class_list":["post-51","page","type-page","status-publish","hentry"],"yoast_head":"<!-- This site is optimized with the Yoast SEO plugin v24.7 - https:\/\/yoast.com\/wordpress\/plugins\/seo\/ -->\n<title>Inscription - Cyclo Club Enghien<\/title>\n<meta name=\"robots\" content=\"index, follow, max-snippet:-1, max-image-preview:large, max-video-preview:-1\" \/>\n<link rel=\"canonical\" href=\"https:\/\/www.cycloclubenghien.be\/index.php\/inscription\/\" \/>\n<meta property=\"og:locale\" content=\"fr_FR\" \/>\n<meta property=\"og:type\" content=\"article\" \/>\n<meta property=\"og:title\" content=\"Inscription - Cyclo Club Enghien\" \/>\n<meta property=\"og:description\" content=\"Veuillez entrer vos coordonn\u00e9es dans le formulaire d&rsquo;inscription ci-dessous. Apr\u00e8s l&rsquo;envoi du formulaire et la r\u00e9ception de votre paiement, vous serez inscrit au Cyclo Club Enghien. La cotisation annuelle (du 1er janvier au 31 d\u00e9cembre) comprend pour l\u2019ensemble des habitants \u00e0 la m\u00eame adresse : La plupart des mutuelles remboursent la cotisation \u00e0 une f\u00e9d\u00e9ration [&hellip;]\" \/>\n<meta property=\"og:url\" content=\"https:\/\/www.cycloclubenghien.be\/index.php\/inscription\/\" \/>\n<meta property=\"og:site_name\" content=\"Cyclo Club Enghien\" \/>\n<meta property=\"article:publisher\" content=\"https:\/\/www.facebook.com\/profile.php?id=61554692020664\" \/>\n<meta property=\"article:modified_time\" content=\"2024-12-16T19:32:22+00:00\" \/>\n<meta name=\"twitter:card\" content=\"summary_large_image\" \/>\n<meta name=\"twitter:label1\" content=\"Dur\u00e9e de lecture estim\u00e9e\" \/>\n\t<meta name=\"twitter:data1\" content=\"1 minute\" \/>\n<script type=\"application\/ld+json\" class=\"yoast-schema-graph\">{\"@context\":\"https:\/\/schema.org\",\"@graph\":[{\"@type\":\"WebPage\",\"@id\":\"https:\/\/www.cycloclubenghien.be\/index.php\/inscription\/\",\"url\":\"https:\/\/www.cycloclubenghien.be\/index.php\/inscription\/\",\"name\":\"Inscription - Cyclo Club Enghien\",\"isPartOf\":{\"@id\":\"https:\/\/www.cycloclubenghien.be\/#website\"},\"datePublished\":\"2024-01-16T11:00:10+00:00\",\"dateModified\":\"2024-12-16T19:32:22+00:00\",\"breadcrumb\":{\"@id\":\"https:\/\/www.cycloclubenghien.be\/index.php\/inscription\/#breadcrumb\"},\"inLanguage\":\"fr-FR\",\"potentialAction\":[{\"@type\":\"ReadAction\",\"target\":[\"https:\/\/www.cycloclubenghien.be\/index.php\/inscription\/\"]}]},{\"@type\":\"BreadcrumbList\",\"@id\":\"https:\/\/www.cycloclubenghien.be\/index.php\/inscription\/#breadcrumb\",\"itemListElement\":[{\"@type\":\"ListItem\",\"position\":1,\"name\":\"Accueil\",\"item\":\"https:\/\/www.cycloclubenghien.be\/\"},{\"@type\":\"ListItem\",\"position\":2,\"name\":\"Inscription\"}]},{\"@type\":\"WebSite\",\"@id\":\"https:\/\/www.cycloclubenghien.be\/#website\",\"url\":\"https:\/\/www.cycloclubenghien.be\/\",\"name\":\"Cyclo Club Enghien\",\"description\":\"En selle pour l\u2019amiti\u00e9 et le plaisir de rouler !\",\"publisher\":{\"@id\":\"https:\/\/www.cycloclubenghien.be\/#organization\"},\"alternateName\":\"Club de cyclotourisme \u00e0 Enghien\",\"potentialAction\":[{\"@type\":\"SearchAction\",\"target\":{\"@type\":\"EntryPoint\",\"urlTemplate\":\"https:\/\/www.cycloclubenghien.be\/?s={search_term_string}\"},\"query-input\":{\"@type\":\"PropertyValueSpecification\",\"valueRequired\":true,\"valueName\":\"search_term_string\"}}],\"inLanguage\":\"fr-FR\"},{\"@type\":\"Organization\",\"@id\":\"https:\/\/www.cycloclubenghien.be\/#organization\",\"name\":\"Cyclo Club Enghien\",\"url\":\"https:\/\/www.cycloclubenghien.be\/\",\"logo\":{\"@type\":\"ImageObject\",\"inLanguage\":\"fr-FR\",\"@id\":\"https:\/\/www.cycloclubenghien.be\/#\/schema\/logo\/image\/\",\"url\":\"https:\/\/www.cycloclubenghien.be\/wordpress\/wp-content\/uploads\/2025\/03\/ChatGPT-Image-Mar-26-2025-09_19_58-PM.png\",\"contentUrl\":\"https:\/\/www.cycloclubenghien.be\/wordpress\/wp-content\/uploads\/2025\/03\/ChatGPT-Image-Mar-26-2025-09_19_58-PM.png\",\"width\":1024,\"height\":1024,\"caption\":\"Cyclo Club Enghien\"},\"image\":{\"@id\":\"https:\/\/www.cycloclubenghien.be\/#\/schema\/logo\/image\/\"},\"sameAs\":[\"https:\/\/www.facebook.com\/profile.php?id=61554692020664\"]}]}<\/script>\n<!-- \/ Yoast SEO plugin. -->","yoast_head_json":{"title":"Inscription - Cyclo Club Enghien","robots":{"index":"index","follow":"follow","max-snippet":"max-snippet:-1","max-image-preview":"max-image-preview:large","max-video-preview":"max-video-preview:-1"},"canonical":"https:\/\/www.cycloclubenghien.be\/index.php\/inscription\/","og_locale":"fr_FR","og_type":"article","og_title":"Inscription - Cyclo Club Enghien","og_description":"Veuillez entrer vos coordonn\u00e9es dans le formulaire d&rsquo;inscription ci-dessous. Apr\u00e8s l&rsquo;envoi du formulaire et la r\u00e9ception de votre paiement, vous serez inscrit au Cyclo Club Enghien. La cotisation annuelle (du 1er janvier au 31 d\u00e9cembre) comprend pour l\u2019ensemble des habitants \u00e0 la m\u00eame adresse : La plupart des mutuelles remboursent la cotisation \u00e0 une f\u00e9d\u00e9ration [&hellip;]","og_url":"https:\/\/www.cycloclubenghien.be\/index.php\/inscription\/","og_site_name":"Cyclo Club Enghien","article_publisher":"https:\/\/www.facebook.com\/profile.php?id=61554692020664","article_modified_time":"2024-12-16T19:32:22+00:00","twitter_card":"summary_large_image","twitter_misc":{"Dur\u00e9e de lecture estim\u00e9e":"1 minute"},"schema":{"@context":"https:\/\/schema.org","@graph":[{"@type":"WebPage","@id":"https:\/\/www.cycloclubenghien.be\/index.php\/inscription\/","url":"https:\/\/www.cycloclubenghien.be\/index.php\/inscription\/","name":"Inscription - Cyclo Club Enghien","isPartOf":{"@id":"https:\/\/www.cycloclubenghien.be\/#website"},"datePublished":"2024-01-16T11:00:10+00:00","dateModified":"2024-12-16T19:32:22+00:00","breadcrumb":{"@id":"https:\/\/www.cycloclubenghien.be\/index.php\/inscription\/#breadcrumb"},"inLanguage":"fr-FR","potentialAction":[{"@type":"ReadAction","target":["https:\/\/www.cycloclubenghien.be\/index.php\/inscription\/"]}]},{"@type":"BreadcrumbList","@id":"https:\/\/www.cycloclubenghien.be\/index.php\/inscription\/#breadcrumb","itemListElement":[{"@type":"ListItem","position":1,"name":"Accueil","item":"https:\/\/www.cycloclubenghien.be\/"},{"@type":"ListItem","position":2,"name":"Inscription"}]},{"@type":"WebSite","@id":"https:\/\/www.cycloclubenghien.be\/#website","url":"https:\/\/www.cycloclubenghien.be\/","name":"Cyclo Club Enghien","description":"En selle pour l\u2019amiti\u00e9 et le plaisir de rouler !","publisher":{"@id":"https:\/\/www.cycloclubenghien.be\/#organization"},"alternateName":"Club de cyclotourisme \u00e0 Enghien","potentialAction":[{"@type":"SearchAction","target":{"@type":"EntryPoint","urlTemplate":"https:\/\/www.cycloclubenghien.be\/?s={search_term_string}"},"query-input":{"@type":"PropertyValueSpecification","valueRequired":true,"valueName":"search_term_string"}}],"inLanguage":"fr-FR"},{"@type":"Organization","@id":"https:\/\/www.cycloclubenghien.be\/#organization","name":"Cyclo Club Enghien","url":"https:\/\/www.cycloclubenghien.be\/","logo":{"@type":"ImageObject","inLanguage":"fr-FR","@id":"https:\/\/www.cycloclubenghien.be\/#\/schema\/logo\/image\/","url":"https:\/\/www.cycloclubenghien.be\/wordpress\/wp-content\/uploads\/2025\/03\/ChatGPT-Image-Mar-26-2025-09_19_58-PM.png","contentUrl":"https:\/\/www.cycloclubenghien.be\/wordpress\/wp-content\/uploads\/2025\/03\/ChatGPT-Image-Mar-26-2025-09_19_58-PM.png","width":1024,"height":1024,"caption":"Cyclo Club Enghien"},"image":{"@id":"https:\/\/www.cycloclubenghien.be\/#\/schema\/logo\/image\/"},"sameAs":["https:\/\/www.facebook.com\/profile.php?id=61554692020664"]}]}},"_links":{"self":[{"href":"https:\/\/www.cycloclubenghien.be\/index.php\/wp-json\/wp\/v2\/pages\/51","targetHints":{"allow":["GET"]}}],"collection":[{"href":"https:\/\/www.cycloclubenghien.be\/index.php\/wp-json\/wp\/v2\/pages"}],"about":[{"href":"https:\/\/www.cycloclubenghien.be\/index.php\/wp-json\/wp\/v2\/types\/page"}],"author":[{"embeddable":true,"href":"https:\/\/www.cycloclubenghien.be\/index.php\/wp-json\/wp\/v2\/users\/1"}],"replies":[{"embeddable":true,"href":"https:\/\/www.cycloclubenghien.be\/index.php\/wp-json\/wp\/v2\/comments?post=51"}],"version-history":[{"count":28,"href":"https:\/\/www.cycloclubenghien.be\/index.php\/wp-json\/wp\/v2\/pages\/51\/revisions"}],"predecessor-version":[{"id":251,"href":"https:\/\/www.cycloclubenghien.be\/index.php\/wp-json\/wp\/v2\/pages\/51\/revisions\/251"}],"wp:attachment":[{"href":"https:\/\/www.cycloclubenghien.be\/index.php\/wp-json\/wp\/v2\/media?parent=51"}],"curies":[{"name":"wp","href":"https:\/\/api.w.org\/{rel}","templated":true}]}}